{"id":23,"date":"2014-03-05T06:35:17","date_gmt":"2014-03-05T05:35:17","guid":{"rendered":"http:\/\/www.gozillon.fr\/?page_id=23"},"modified":"2021-11-27T08:26:17","modified_gmt":"2021-11-27T07:26:17","slug":"presentation","status":"publish","type":"page","link":"https:\/\/www.gozillon.fr\/?page_id=23","title":{"rendered":"pr\u00e9sentation"},"content":{"rendered":"<div class=\"members-access-error\">D\u00e9sol\u00e9, vous n&#039;\u00eates pas autoris\u00e9 \u00e0 voir ce contenu.<\/div>\n","protected":false},"excerpt":{"rendered":"<div class=\"members-access-error\">D\u00e9sol\u00e9, vous n&#039;\u00eates pas autoris\u00e9 \u00e0 voir ce contenu.<\/div>\n","protected":false},"author":1,"featured_media":0,"parent":0,"menu_order":1,"comment_status":"open","ping_status":"open","template":"","meta":{"footnotes":""},"class_list":["post-23","page","type-page","status-publish","hentry"],"_links":{"self":[{"href":"https:\/\/www.gozillon.fr\/index.php?rest_route=\/wp\/v2\/pages\/23","targetHints":{"allow":["GET"]}}],"collection":[{"href":"https:\/\/www.gozillon.fr\/index.php?rest_route=\/wp\/v2\/pages"}],"about":[{"href":"https:\/\/www.gozillon.fr\/index.php?rest_route=\/wp\/v2\/types\/page"}],"author":[{"embeddable":true,"href":"https:\/\/www.gozillon.fr\/index.php?rest_route=\/wp\/v2\/users\/1"}],"replies":[{"embeddable":true,"href":"https:\/\/www.gozillon.fr\/index.php?rest_route=%2Fwp%2Fv2%2Fcomments&post=23"}],"version-history":[{"count":2,"href":"https:\/\/www.gozillon.fr\/index.php?rest_route=\/wp\/v2\/pages\/23\/revisions"}],"predecessor-version":[{"id":54,"href":"https:\/\/www.gozillon.fr\/index.php?rest_route=\/wp\/v2\/pages\/23\/revisions\/54"}],"wp:attachment":[{"href":"https:\/\/www.gozillon.fr\/index.php?rest_route=%2Fwp%2Fv2%2Fmedia&parent=23"}],"curies":[{"name":"wp","href":"https:\/\/api.w.org\/{rel}","templated":true}]}}